{"id":1494,"date":"2018-10-17T15:48:39","date_gmt":"2018-10-17T15:48:39","guid":{"rendered":"http:\/\/rehabilitacionsreitec.com\/politica-de-privacitat\/"},"modified":"2018-11-06T08:59:43","modified_gmt":"2018-11-06T08:59:43","slug":"politica-de-privacidad","status":"publish","type":"page","link":"https:\/\/rehabilitacionsreitec.com\/es\/politica-de-privacidad\/","title":{"rendered":"Pol\u00edtica de privacidad"},"content":{"rendered":"<h1>Pol\u00edtica de privacitat<\/h1>\n<p>En conformidad con el establecido en la normativa vigente en Protecci\u00f3n de Datos de Car\u00e1cter Personal, le informamos que sus datos ser\u00e1n incorporados al sistema de tratamiento titularidad de REHABILITACIONES REITEC SL con CIF B63923528 y domicilio social situado en AVENIDA MERIDIANA 620 LOCAL 1 08030, BARCELONA, con el fin de atender sus consultas. En cumplimiento con la normativa vigente, REHABILITACIONES REITEC SL informa que los datos ser\u00e1n conservados durante el plazo estrictamente necesario para cumplir con los preceptos mencionados con anterioridad.<br \/>\nMientras no nos comunique el contrario, entenderemos que sus datos no han sido modificados, que usted se compromete a notificarnos cualquier variaci\u00f3n y que tenemos su consentimiento para utilizarlos para las finalidades mencionadas.<br \/>\nREHABILITACIONES REITEC SL informa que proceder\u00e1 a tratar los datos de manera l\u00edcita, leal, transparente, adecuada, pertinente, limitada, exacta y actualizada. Es por eso que REHABILITACIONES REITEC SL se compromete a adoptar todas las medidas razonables porque estos se supriman o rectifiquen sin m\u00e1s dilaci\u00f3n cuando sean inexactas.<br \/>\nDe acuerdo con los derechos que le confiere lo la normativa vigente en protecci\u00f3n de datos podr\u00e1 ejercer los derechos de acceso, rectificaci\u00f3n, limitaci\u00f3n de tratamiento, supresi\u00f3n, portabilidad y oposici\u00f3n al tratamiento de sus datos de car\u00e1cter personal as\u00ed como del consentimiento prestado para el tratamiento de los mismos, dirigiendo su petici\u00f3n a la direcci\u00f3n postal indicada m\u00e1s arriba o al correo electr\u00f3nico Reitecbcn@yahoo.es.<br \/>\nPodr\u00e1 dirigirse a la Autoridad de Control competente para presentar la reclamaci\u00f3n que considere oportuna.<br \/>\nEl env\u00edo de estos datos implica la aceptaci\u00f3n de esta cl\u00e1usula.<\/p>\n","protected":false},"excerpt":{"rendered":"<p>Pol\u00edtica de privacitat En conformidad con el establecido en la normativa vigente en Protecci\u00f3n de Datos de Car\u00e1cter Personal, le informamos que sus datos ser\u00e1n incorporados al sistema de tratamiento titularidad de REHABILITACIONES REITEC SL con CIF B63923528 y domicilio social situado en AVENIDA MERIDIANA 620 LOCAL 1 08030, BARCELONA, con el fin de atender [&hellip;]<\/p>\n","protected":false},"author":3,"featured_media":0,"parent":0,"menu_order":0,"comment_status":"closed","ping_status":"closed","template":"","meta":[],"_links":{"self":[{"href":"https:\/\/rehabilitacionsreitec.com\/es\/wp-json\/wp\/v2\/pages\/1494"}],"collection":[{"href":"https:\/\/rehabilitacionsreitec.com\/es\/wp-json\/wp\/v2\/pages"}],"about":[{"href":"https:\/\/rehabilitacionsreitec.com\/es\/wp-json\/wp\/v2\/types\/page"}],"author":[{"embeddable":true,"href":"https:\/\/rehabilitacionsreitec.com\/es\/wp-json\/wp\/v2\/users\/3"}],"replies":[{"embeddable":true,"href":"https:\/\/rehabilitacionsreitec.com\/es\/wp-json\/wp\/v2\/comments?post=1494"}],"version-history":[{"count":2,"href":"https:\/\/rehabilitacionsreitec.com\/es\/wp-json\/wp\/v2\/pages\/1494\/revisions"}],"predecessor-version":[{"id":1889,"href":"https:\/\/rehabilitacionsreitec.com\/es\/wp-json\/wp\/v2\/pages\/1494\/revisions\/1889"}],"wp:attachment":[{"href":"https:\/\/rehabilitacionsreitec.com\/es\/wp-json\/wp\/v2\/media?parent=1494"}],"curies":[{"name":"wp","href":"https:\/\/api.w.org\/{rel}","templated":true}]}}