{"id":1492,"date":"2018-10-17T16:15:16","date_gmt":"2018-10-17T16:15:16","guid":{"rendered":"http:\/\/rehabilitacionsreitec.com\/avis-legal\/"},"modified":"2018-10-17T16:19:12","modified_gmt":"2018-10-17T16:19:12","slug":"aviso-legal","status":"publish","type":"page","link":"https:\/\/rehabilitacionsreitec.com\/es\/aviso-legal\/","title":{"rendered":"Aviso legal"},"content":{"rendered":"<h1>Condiciones de uso<\/h1>\n<p>En cumplimiento de la Ley 34\/2002, de 11 de julio, de Servicios de la Sociedad de la Informaci\u00f3n y de Comercio Electr\u00f3nico (LSSI-CE), REHABILITACIONES REITEC SL informa que es titular del sitio web www.rehabilitacionsreitec.com . De acuerdo con la exigencia del art\u00edculo 10 de la citada Ley, REHABILITACIONES REITEC SL informa de los siguientes datos:<br \/>\nEl titular de este sitio web es REHABILITACIONES REITEC SL, con CIF B63923528 y domicilio social en AVENIDA MERIDIANA 620 LOCAL 1 08030, BARCELONA, inscrita en el Registro Mercantil, en el tomo 37857, folio 69, hoja B315609 e inscripci\u00f3n 1. La direcci\u00f3n de correo electr\u00f3nico de contacto con la empresa es: REITECBCN@YAHOO.ES .<br \/>\nUsuario y r\u00e9gimen de responsabilidades<br \/>\nLa navegaci\u00f3n, acceso y uso por el sitio web de REHABILITACIONES REITEC SL confiere la condici\u00f3n de usuario, por la cual se aceptan, desde la navegaci\u00f3n por el sitio web de REHABILITACIONES REITEC SL, todas las condiciones de uso aqu\u00ed establecidas sin perjuicio de la aplicaci\u00f3n de la correspondiente normativa de obligado cumplimiento legal seg\u00fan el caso.<\/p>\n<p>El sitio web de REHABILITACIONES REITEC SL proporciona gran diversidad de informaci\u00f3n, servicios y datos. El usuario asume su responsabilidad en el uso correcto del sitio web. Esta responsabilidad se extender\u00e1 a:<br \/>\n\uf0a7 La veracidad y licitud de las informaciones aportadas por el usuario en los formularios extendidos por REHABILITACIONES REITEC SL para el acceso a ciertos contenidos o servicios ofrecidos por el web.<br \/>\n\uf0a7 El uso de la informaci\u00f3n, servicios y datos ofrecidos por REHABILITACIONES REITEC SL contrariamente al que se dispone por las presentes condiciones, la Ley, la moral, las buenas costumbres o el orden p\u00fablico, o que de cualquier otra manera puedan suponer lesi\u00f3n de los derechos de terceros o del mismo funcionamiento del sitio web.<br \/>\nPol\u00edtica de enlaces y exenciones de responsabilidad<br \/>\nREHABILITACIONES REITEC SL no se hace responsable del contenido de los sitios web a los cuales el usuario pueda acceder a trav\u00e9s de los enlaces establecidos en su sitio web y declara que en ning\u00fan caso proceder\u00e1 a examinar o ejercitar ning\u00fan tipo de control sobre el contenido otros lugares de la red. As\u00ed mismo, tampoco garantizar\u00e1 la disponibilidad t\u00e9cnica, exactitud, veracidad, validez o legalidad de lugares ajenos a su propiedad a los cuales se pueda acceder por medio de los enlaces.<\/p>\n<p>REHABILITACIONES REITEC SL declara haber adoptado todas las medidas necesarias para evitar cualquier da\u00f1o a los usuarios de su sitio web, que pudieran derivarse de la navegaci\u00f3n por su sitio web. En consecuencia, REHABILITACIONES REITEC SL no se hace responsable, en ning\u00fan caso, de los eventuales da\u00f1os que por la navegaci\u00f3n por Internet pudiera sufrir el usuario.<\/p>\n<p>Modificaciones<\/p>\n<p>REHABILITACIONES REITEC SL se reserva el derecho a realizar las modificaciones que considere oportunas, sin aviso previo, en el contenido de su sitio web. Tanto en lo referente a los contenidos del sitio web, como en las condiciones de uso del mismo. Estas modificaciones podr\u00e1n realizarse a trav\u00e9s de su sitio web por cualquier forma admisible en derecho y ser\u00e1n de obligado cumplimiento\u00a0durante el tiempo en que se encuentren publicadas en la web y hasta que no sean modificadas v\u00e1lidamente por otros posteriores.<\/p>\n<h2>Protecci\u00f3n de datos<\/h2>\n<p>En conformidad con el establecido en la normativa vigente en Protecci\u00f3n de Datos de Car\u00e1cter Personal, le informamos que sus datos ser\u00e1n incorporados al sistema de tratamiento titularidad de REHABILITACIONES REITEC SL con CIF B63923528 y domicilio social situado en AVENIDA MERIDIANA 620 LOCAL 1 08030, BARCELONA, con el fin de poder facilitar, agilizar y cumplir los compromisos establecidos entre ambas partes. En cumplimiento con la normativa vigente, REHABILITACIONES REITEC SL informa que los datos ser\u00e1n conservados durante el plazo estrictamente necesario para cumplir con los preceptos mencionados con anterioridad.<br \/>\nMientras no nos comunique el contrario, entenderemos que sus datos no han sido modificados, que usted se compromete a notificarnos cualquier variaci\u00f3n y que tenemos su consentimiento para utilizarlos para las finalidades mencionadas.<br \/>\nREHABILITACIONES REITEC SL informa que proceder\u00e1 a tratar los datos de manera l\u00edcita, leal, transparente, adecuada, pertinente, limitada, exacta y actualizada. Es por eso que REHABILITACIONES REITEC SL se compromete a adoptar todas las medidas razonables porque estos se supriman o rectifiquen sin m\u00e1s dilaci\u00f3n cuando sean inexactas.<br \/>\nDe acuerdo con los derechos que le confiere lo la normativa vigente en protecci\u00f3n de datos podr\u00e1 ejercer los derechos de acceso, rectificaci\u00f3n, limitaci\u00f3n de tratamiento, supresi\u00f3n, portabilidad y oposici\u00f3n al tratamiento de sus datos de car\u00e1cter personal as\u00ed como del consentimiento prestado para el tratamiento de los mismos, dirigiendo su petici\u00f3n a la direcci\u00f3n postal indicada m\u00e1s arriba o al correo electr\u00f3nico Reitecbcn@yahoo.es.<br \/>\nPodr\u00e1 dirigirse a la Autoridad de Control competente para presentar la reclamaci\u00f3n que considere oportuna.<br \/>\nPropiedad intelectual e industrial<br \/>\nREHABILITACIONES REITEC SL por s\u00ed misma o como cesionaria, es titular de todos los derechos de propiedad intelectual e industrial de su p\u00e1gina web, as\u00ed como de los elementos contenidos en la misma (a t\u00edtulo enunciativo, im\u00e1genes, sonido, audio, v\u00eddeo, software o textos; marcas o logotipos, combinaciones de colores, estructura y dise\u00f1o, selecci\u00f3n de materiales usados, programas de ordenador necesarios para su funcionamiento, acceso y uso, etc.), titularidad de REHABILITACIONES REITEC SL. Ser\u00e1n, por lo tanto, obras protegidas como propiedad intelectual por el ordenamiento jur\u00eddico espa\u00f1ol, si\u00e9ndolos aplicables tanto la normativa espa\u00f1ola y comunitaria en este campo, como los tratados internacionales relativos a la materia y subscritos por Espa\u00f1a.<br \/>\nTodos los derechos reservados. En virtud del que se dispone en la Ley de Propiedad Intelectual, quedan expresamente prohibidas la reproducci\u00f3n, la distribuci\u00f3n y la comunicaci\u00f3n p\u00fablica, incluida su modalidad de puesta a disposici\u00f3n, de la totalidad o parte de los contenidos de esta p\u00e1gina web, con finalidades comerciales, en cualquier apoyo y por cualquier medio t\u00e9cnico, sin la autorizaci\u00f3n de REHABILITACIONES REITEC SL.<\/p>\n<p>El usuario se compromete a respetar los derechos de Propiedad Intelectual @e Industrial titularidad de REHABILITACIONES REITEC SL. Podr\u00e1 visualizar los elementos del portal @e incluso imprimirlos,<br \/>\ncopiarlos y almacenarlos en el disco duro de su ordenador o en cualquier otro soporte f\u00edsico siempre y cuando sea, \u00fanica y exclusivamente, para su uso personal y privado. El usuario deber\u00e1 abstenerse de suprimir, alterar, eludir o manipular cualquier dispositivo de protecci\u00f3n o sistema de seguridad que estuviera instalado en las p\u00e1ginas de REHABILITACIONES REITEC SL.<br \/>\nAccionas legales, legislaci\u00f3n aplicable y jurisdicci\u00f3n<br \/>\nREHABILITACIONES REITEC SL se reserva, asimismo, la facultad de presentar las accionas civiles o penales que considero oportunas miedo la utilizaci\u00f3n indebida de su sitio web y contenidos, o miedo el incumplimiento de las presentas condicionas.<br \/>\nLa relaci\u00f3n entre el usuario y el prestamista se regir\u00e1 miedo la normativa vigente y de aplicaci\u00f3n en el territorio espa\u00f1ol. De surgir cualquier controversia las partes podr\u00e1n someter sus conflictos a arbitraje o acudir a la jurisdicci\u00f3n ordinaria cumpliendo cono las normas sobre jurisdicci\u00f3n y competencia al respeto. REHABILITACIONES REITEC SL tiene su domicilio en BARCELONA, Espa\u00f1a.<\/p>\n","protected":false},"excerpt":{"rendered":"<p>Condiciones de uso En cumplimiento de la Ley 34\/2002, de 11 de julio, de Servicios de la Sociedad de la Informaci\u00f3n y de Comercio Electr\u00f3nico (LSSI-CE), REHABILITACIONES REITEC SL informa que es titular del sitio web www.rehabilitacionsreitec.com . De acuerdo con la exigencia del art\u00edculo 10 de la citada Ley, REHABILITACIONES REITEC SL informa de [&hellip;]<\/p>\n","protected":false},"author":3,"featured_media":0,"parent":0,"menu_order":0,"comment_status":"closed","ping_status":"closed","template":"","meta":[],"_links":{"self":[{"href":"https:\/\/rehabilitacionsreitec.com\/es\/wp-json\/wp\/v2\/pages\/1492"}],"collection":[{"href":"https:\/\/rehabilitacionsreitec.com\/es\/wp-json\/wp\/v2\/pages"}],"about":[{"href":"https:\/\/rehabilitacionsreitec.com\/es\/wp-json\/wp\/v2\/types\/page"}],"author":[{"embeddable":true,"href":"https:\/\/rehabilitacionsreitec.com\/es\/wp-json\/wp\/v2\/users\/3"}],"replies":[{"embeddable":true,"href":"https:\/\/rehabilitacionsreitec.com\/es\/wp-json\/wp\/v2\/comments?post=1492"}],"version-history":[{"count":1,"href":"https:\/\/rehabilitacionsreitec.com\/es\/wp-json\/wp\/v2\/pages\/1492\/revisions"}],"predecessor-version":[{"id":1495,"href":"https:\/\/rehabilitacionsreitec.com\/es\/wp-json\/wp\/v2\/pages\/1492\/revisions\/1495"}],"wp:attachment":[{"href":"https:\/\/rehabilitacionsreitec.com\/es\/wp-json\/wp\/v2\/media?parent=1492"}],"curies":[{"name":"wp","href":"https:\/\/api.w.org\/{rel}","templated":true}]}}